{"id":540,"date":"2023-01-30T14:04:18","date_gmt":"2023-01-30T13:04:18","guid":{"rendered":"https:\/\/www.3dwool.it\/sustainability\/"},"modified":"2024-07-28T17:54:12","modified_gmt":"2024-07-28T15:54:12","slug":"sostenibile","status":"publish","type":"page","link":"https:\/\/www.3dwool.it\/it\/sostenibile\/","title":{"rendered":"Sostenibile"},"content":{"rendered":"\t\t<div data-elementor-type=\"wp-page\" data-elementor-id=\"540\" class=\"elementor elementor-540 elementor-528\" data-elementor-post-type=\"page\">\n\t\t\t\t\t\t<section class=\"elementor-section elementor-top-section elementor-element elementor-element-dfd7a5c elementor-section-boxed elementor-section-height-default elementor-section-height-default\" data-id=\"dfd7a5c\" data-element_type=\"section\">\n\t\t\t\t\t\t<div class=\"elementor-container elementor-column-gap-default\">\n\t\t\t\t\t<div class=\"elementor-column elementor-col-100 elementor-top-column elementor-element elementor-element-ed0fe7c\" data-id=\"ed0fe7c\" data-element_type=\"column\">\n\t\t\t<div class=\"elementor-widget-wrap elementor-element-populated\">\n\t\t\t\t\t\t<div class=\"elementor-element elementor-element-e1c050e elementor-widget elementor-widget-heading\" data-id=\"e1c050e\" data-element_type=\"widget\" data-widget_type=\"heading.default\">\n\t\t\t\t<div class=\"elementor-widget-container\">\n\t\t\t\t\t<h1 class=\"elementor-heading-title elementor-size-default\">Sostenibilit\u00e0<\/h1>\t\t\t\t<\/div>\n\t\t\t\t<\/div>\n\t\t\t\t<div class=\"elementor-element elementor-element-8a31017 elementor-widget elementor-widget-heading\" data-id=\"8a31017\" data-element_type=\"widget\" data-widget_type=\"heading.default\">\n\t\t\t\t<div class=\"elementor-widget-container\">\n\t\t\t\t\t<h2 class=\"elementor-heading-title elementor-size-default\">Responsabilit\u00e0 e dovere etico: il circolo virtuoso della sostenibilit\u00e0<\/h2>\t\t\t\t<\/div>\n\t\t\t\t<\/div>\n\t\t\t\t\t<\/div>\n\t\t<\/div>\n\t\t\t\t\t<\/div>\n\t\t<\/section>\n\t\t\t\t<section class=\"elementor-section elementor-top-section elementor-element elementor-element-0e787e6 elementor-section-boxed elementor-section-height-default elementor-section-height-default\" data-id=\"0e787e6\" data-element_type=\"section\">\n\t\t\t\t\t\t<div class=\"elementor-container elementor-column-gap-default\">\n\t\t\t\t\t<div class=\"elementor-column elementor-col-100 elementor-top-column elementor-element elementor-element-0f54216\" data-id=\"0f54216\" data-element_type=\"column\">\n\t\t\t<div class=\"elementor-widget-wrap elementor-element-populated\">\n\t\t\t\t\t\t<div class=\"elementor-element elementor-element-335d9e6 elementor-widget elementor-widget-image\" data-id=\"335d9e6\" data-element_type=\"widget\" data-widget_type=\"image.default\">\n\t\t\t\t<div class=\"elementor-widget-container\">\n\t\t\t\t\t\t\t\t\t\t\t\t\t\t\t<img fetchpriority=\"high\" decoding=\"async\" width=\"1500\" height=\"585\" src=\"https:\/\/www.3dwool.it\/wp-content\/uploads\/2023\/03\/TWC_farms_BolindaVale_09.jpg\" class=\"attachment-full size-full wp-image-1032\" alt=\"TWC farm\" srcset=\"https:\/\/www.3dwool.it\/wp-content\/uploads\/2023\/03\/TWC_farms_BolindaVale_09.jpg 1500w, https:\/\/www.3dwool.it\/wp-content\/uploads\/2023\/03\/TWC_farms_BolindaVale_09-300x117.jpg 300w, https:\/\/www.3dwool.it\/wp-content\/uploads\/2023\/03\/TWC_farms_BolindaVale_09-1024x399.jpg 1024w, https:\/\/www.3dwool.it\/wp-content\/uploads\/2023\/03\/TWC_farms_BolindaVale_09-768x300.jpg 768w\" sizes=\"(max-width: 1500px) 100vw, 1500px\" \/>\t\t\t\t\t\t\t\t\t\t\t\t\t\t\t<\/div>\n\t\t\t\t<\/div>\n\t\t\t\t\t<\/div>\n\t\t<\/div>\n\t\t\t\t\t<\/div>\n\t\t<\/section>\n\t\t\t\t<section class=\"elementor-section elementor-top-section elementor-element elementor-element-da07ce6 elementor-section-boxed elementor-section-height-default elementor-section-height-default\" data-id=\"da07ce6\" data-element_type=\"section\">\n\t\t\t\t\t\t<div class=\"elementor-container elementor-column-gap-default\">\n\t\t\t\t\t<div class=\"elementor-column elementor-col-100 elementor-top-column elementor-element elementor-element-46b9eb3\" data-id=\"46b9eb3\" data-element_type=\"column\" data-settings=\"{&quot;background_background&quot;:&quot;classic&quot;}\">\n\t\t\t<div class=\"elementor-widget-wrap elementor-element-populated\">\n\t\t\t\t\t\t<div class=\"elementor-element elementor-element-bda6a84 elementor-widget elementor-widget-text-editor\" data-id=\"bda6a84\" data-element_type=\"widget\" data-widget_type=\"text-editor.default\">\n\t\t\t\t<div class=\"elementor-widget-container\">\n\t\t\t\t\t\t\t\t\t<p>Sin dalla sua fondazione il Lanificio di Tollegno lavora per mantenere un costante equilibrio tra efficienza produttiva e rispetto dell\u2019habitat creando le basi per un\u2019economia circolare che faccia della sostenibilit\u00e0, del recupero intelligente e del riutilizzo consapevole i suoi pilastri. Attenzione per l\u2019ambiente e per le persone sono dunque una responsabilit\u00e0 e un dovere etico, espressi da scelte e investimenti coerenti con questa filosofia e dalla realizzazione di tessuti innovativi per l\u2019abbigliamento come 3DWOOL.<\/p>\n<p>A dare l\u2019imprimatur all\u2019impegno profuso sono alcuni attestati, verifica reale di quanto la produzione e la lavorazione dei tessuti risponda a precise disposizioni green. Vanno in questa direzione le certificazioni su cui il Lanificio di Tollegno pu\u00f2 contare: 4Sustainability, che garantisce l\u2019assenza nei prodotti tessili di sostanze nocive per le persone e per l\u2019ambiente tenendo conto della natura globalizzata ed estremamente frammentaria della filiera; RWS, standard relativo al benessere delle pecore e al rispetto del loro ambiente; Nativa\u00ae. Focalizzata sulla qualit\u00e0 e tracciabilit\u00e0 delle fibre di lana lungo tutta la catena del valore, questa certificazione assicura la realizzazione di capi autentici grazie all\u2019impiego di fibre naturali, al rispetto del benessere degli animali e dell\u2019ambiente.<\/p>\n\t\t\t\t\t\t\t\t<\/div>\n\t\t\t\t<\/div>\n\t\t\t\t\t<\/div>\n\t\t<\/div>\n\t\t\t\t\t<\/div>\n\t\t<\/section>\n\t\t\t\t<section class=\"elementor-section elementor-top-section elementor-element elementor-element-dcc5f8e elementor-section-boxed elementor-section-height-default elementor-section-height-default\" data-id=\"dcc5f8e\" data-element_type=\"section\">\n\t\t\t\t\t\t<div class=\"elementor-container elementor-column-gap-default\">\n\t\t\t\t\t<div class=\"elementor-column elementor-col-100 elementor-top-column elementor-element elementor-element-020c459\" data-id=\"020c459\" data-element_type=\"column\">\n\t\t\t<div class=\"elementor-widget-wrap elementor-element-populated\">\n\t\t\t\t\t\t<div class=\"elementor-element elementor-element-46d2013 elementor-widget elementor-widget-image\" data-id=\"46d2013\" data-element_type=\"widget\" data-widget_type=\"image.default\">\n\t\t\t\t<div class=\"elementor-widget-container\">\n\t\t\t\t\t\t\t\t\t\t\t\t\t\t\t<img decoding=\"async\" width=\"1981\" height=\"715\" src=\"https:\/\/www.3dwool.it\/wp-content\/uploads\/2023\/01\/depuratore.jpg\" class=\"attachment-full size-full wp-image-536\" alt=\"3D Wool Sustainability\" srcset=\"https:\/\/www.3dwool.it\/wp-content\/uploads\/2023\/01\/depuratore.jpg 1981w, https:\/\/www.3dwool.it\/wp-content\/uploads\/2023\/01\/depuratore-300x108.jpg 300w, https:\/\/www.3dwool.it\/wp-content\/uploads\/2023\/01\/depuratore-1024x370.jpg 1024w, https:\/\/www.3dwool.it\/wp-content\/uploads\/2023\/01\/depuratore-768x277.jpg 768w, https:\/\/www.3dwool.it\/wp-content\/uploads\/2023\/01\/depuratore-1536x554.jpg 1536w\" sizes=\"(max-width: 1981px) 100vw, 1981px\" \/>\t\t\t\t\t\t\t\t\t\t\t\t\t\t\t<\/div>\n\t\t\t\t<\/div>\n\t\t\t\t\t<\/div>\n\t\t<\/div>\n\t\t\t\t\t<\/div>\n\t\t<\/section>\n\t\t\t\t<section class=\"elementor-section elementor-top-section elementor-element elementor-element-ce34114 elementor-section-height-min-height elementor-section-items-stretch elementor-section-content-middle elementor-section-boxed elementor-section-height-default\" data-id=\"ce34114\" data-element_type=\"section\">\n\t\t\t\t\t\t<div class=\"elementor-container elementor-column-gap-default\">\n\t\t\t\t\t<div class=\"elementor-column elementor-col-100 elementor-top-column elementor-element elementor-element-6fbe67e\" data-id=\"6fbe67e\" data-element_type=\"column\" data-settings=\"{&quot;background_background&quot;:&quot;classic&quot;}\">\n\t\t\t<div class=\"elementor-widget-wrap elementor-element-populated\">\n\t\t\t\t\t\t<div class=\"elementor-element elementor-element-3b082b3 elementor-widget elementor-widget-text-editor\" data-id=\"3b082b3\" data-element_type=\"widget\" data-widget_type=\"text-editor.default\">\n\t\t\t\t<div class=\"elementor-widget-container\">\n\t\t\t\t\t\t\t\t\t<p>Ambiente a cui il Lanificio di Tollegno dedica attenzione e cura, come confermano alcune azioni concrete: l\u2019adozione di impianti di depurazione che trattano giornalmente l\u2019acqua di produzione e la restituiscono al torrente Cervo nel massimo rispetto delle norme di legge sugli scarichi in acque superficiali; l\u2019installazione di 12.500 mq di pannelli solari fotovoltaici posizionati sullo stabilimento della tessitura; la presenza di un impianto idroelettrico con\u00a02 turbine\u00a0di ultima generazione.<br \/>\nA ci\u00f2 si aggiunge l\u2019impiego per ogni fase del processo produttivo delle pi\u00f9 avanzate tecnologie in termini di macchinari e di lavorazioni che, non facendo uso di sostanze nocive, garantiscono al personale un ambiente confortevole e sicuro.<br \/>\nE\u2019 in questo contesto e tenendo conto di questi valori che nasce 3D WOOL.<\/p>\n\t\t\t\t\t\t\t\t<\/div>\n\t\t\t\t<\/div>\n\t\t\t\t\t<\/div>\n\t\t<\/div>\n\t\t\t\t\t<\/div>\n\t\t<\/section>\n\t\t\t\t<section class=\"elementor-section elementor-top-section elementor-element elementor-element-1afe4f8 elementor-section-boxed elementor-section-height-default elementor-section-height-default\" data-id=\"1afe4f8\" data-element_type=\"section\">\n\t\t\t\t\t\t<div class=\"elementor-container elementor-column-gap-default\">\n\t\t\t\t\t<div class=\"elementor-column elementor-col-100 elementor-top-column elementor-element elementor-element-d77c904\" data-id=\"d77c904\" data-element_type=\"column\">\n\t\t\t<div class=\"elementor-widget-wrap elementor-element-populated\">\n\t\t\t\t\t\t<div class=\"elementor-element elementor-element-e374001 elementor-view-default elementor-position-top elementor-mobile-position-top elementor-widget elementor-widget-icon-box\" data-id=\"e374001\" data-element_type=\"widget\" data-widget_type=\"icon-box.default\">\n\t\t\t\t<div class=\"elementor-widget-container\">\n\t\t\t\t\t\t\t<div class=\"elementor-icon-box-wrapper\">\n\n\t\t\t\t\t\t<div class=\"elementor-icon-box-icon\">\n\t\t\t\t<a href=\"https:\/\/www.3dwool.it\/wp-content\/uploads\/2023\/01\/Chart-sostenibilita.pdf\" target=\"_blank\" class=\"elementor-icon\" tabindex=\"-1\" aria-label=\"SUSTAINABILITY CHART\">\n\t\t\t\t<svg xmlns=\"http:\/\/www.w3.org\/2000\/svg\" id=\"Livello_2\" viewBox=\"0 0 55.97 60.45\"><g id=\"Livello_1-2\"><path d=\"m26.44,44.01c-5.98-7.41-10.02-7.23-10.02-7.23,8.2,4.34,8.31,9.98,8.31,9.98-8.15,8.27-18.16-13.64-18.16-13.64,20.49-3.19,19.88,10.57,19.88,10.57v.32Zm1.65-13.28s6.08-8.78-8.69-15.14c0,0-2.47,18.51,6.29,16.45,0,0,2.26-3.75-1.33-9.98,0,0,2.72,1.55,3.59,8.88l.14-.21Zm-.79,13.71c5.53-10.02,10.35-10.65,10.35-10.65-8.81,6.85-7.75,13.56-7.75,13.56,11.38,8.09,18.66-19.94,18.66-19.94-24.93.5-21.34,16.66-21.34,16.66l.08.38Zm13.15,13.07c13.83-6.89,19.46-23.69,12.57-37.52-4.48-8.98-13.13-14.5-22.44-15.38l-.06-4.61-6.51,6.57,6.55,6.52.03-4.74c7.94.87,15.3,5.62,19.11,13.29,5.97,11.99,1.08,26.59-10.91,32.56-11.99,5.97-26.59,1.08-32.57-10.91-4.77-9.58-2.6-20.83,4.59-28.01h-.01s-2.58-2.64-2.58-2.64C-.07,20.91-2.57,33.87,2.94,44.94c6.89,13.83,23.69,19.46,37.52,12.57Z\" style=\"fill:#ea580c;\"><\/path><\/g><\/svg>\t\t\t\t<\/a>\n\t\t\t<\/div>\n\t\t\t\n\t\t\t\t\t\t<div class=\"elementor-icon-box-content\">\n\n\t\t\t\t\t\t\t\t\t<h3 class=\"elementor-icon-box-title\">\n\t\t\t\t\t\t<a href=\"https:\/\/www.3dwool.it\/wp-content\/uploads\/2023\/01\/Chart-sostenibilita.pdf\" target=\"_blank\" >\n\t\t\t\t\t\t\tSUSTAINABILITY CHART\t\t\t\t\t\t<\/a>\n\t\t\t\t\t<\/h3>\n\t\t\t\t\n\t\t\t\t\t\t\t\t\t<p class=\"elementor-icon-box-description\">\n\t\t\t\t\t\tDiscover!\t\t\t\t\t<\/p>\n\t\t\t\t\n\t\t\t<\/div>\n\t\t\t\n\t\t<\/div>\n\t\t\t\t\t\t<\/div>\n\t\t\t\t<\/div>\n\t\t\t\t\t<\/div>\n\t\t<\/div>\n\t\t\t\t\t<\/div>\n\t\t<\/section>\n\t\t\t\t<\/div>\n\t\t","protected":false},"excerpt":{"rendered":"<p>Sostenibilit\u00e0 Responsabilit\u00e0 e dovere etico: il circolo virtuoso della sostenibilit\u00e0 Sin dalla sua fondazione il Lanificio di Tollegno lavora per mantenere un costante equilibrio tra efficienza produttiva e rispetto dell\u2019habitat creando le basi per un\u2019economia circolare che faccia della sostenibilit\u00e0, del recupero intelligente e del riutilizzo consapevole i suoi pilastri. Attenzione per l\u2019ambiente e per [&hellip;]<\/p>\n","protected":false},"author":1,"featured_media":0,"parent":0,"menu_order":0,"comment_status":"closed","ping_status":"closed","template":"","meta":{"footnotes":""},"class_list":["post-540","page","type-page","status-publish","hentry"],"yoast_head":"<!-- This site is optimized with the Yoast SEO plugin v24.6 - https:\/\/yoast.com\/wordpress\/plugins\/seo\/ -->\n<title>Sostenibile | 3DWOOL - Lanificio di Tollegno<\/title>\n<meta name=\"description\" content=\"Lanificio di Tollegno has worked to maintain a constant balance between production efficiency and respect for the habitat, creating the foundations for a circular economy whose cornerstones are sustainability, intelligent recovery, and conscious reuse\" \/>\n<meta name=\"robots\" content=\"index, follow, max-snippet:-1, max-image-preview:large, max-video-preview:-1\" \/>\n<link rel=\"canonical\" href=\"https:\/\/www.3dwool.it\/it\/sostenibile\/\" \/>\n<meta property=\"og:locale\" content=\"it_IT\" \/>\n<meta property=\"og:type\" content=\"article\" \/>\n<meta property=\"og:title\" content=\"Sostenibile | 3DWOOL - Lanificio di Tollegno\" \/>\n<meta property=\"og:description\" content=\"Lanificio di Tollegno has worked to maintain a constant balance between production efficiency and respect for the habitat, creating the foundations for a circular economy whose cornerstones are sustainability, intelligent recovery, and conscious reuse\" \/>\n<meta property=\"og:url\" content=\"https:\/\/www.3dwool.it\/it\/sostenibile\/\" \/>\n<meta property=\"og:site_name\" content=\"3DWOOL - Lanificio di Tollegno\" \/>\n<meta property=\"article:modified_time\" content=\"2024-07-28T15:54:12+00:00\" \/>\n<meta property=\"og:image\" content=\"https:\/\/www.3dwool.it\/wp-content\/uploads\/2023\/03\/TWC_farms_BolindaVale_09.jpg\" \/>\n<meta name=\"twitter:card\" content=\"summary_large_image\" \/>\n<meta name=\"twitter:label1\" content=\"Tempo di lettura stimato\" \/>\n\t<meta name=\"twitter:data1\" content=\"2 minuti\" \/>\n<script type=\"application\/ld+json\" class=\"yoast-schema-graph\">{\"@context\":\"https:\/\/schema.org\",\"@graph\":[{\"@type\":\"WebPage\",\"@id\":\"https:\/\/www.3dwool.it\/it\/sostenibile\/\",\"url\":\"https:\/\/www.3dwool.it\/it\/sostenibile\/\",\"name\":\"Sostenibile | 3DWOOL - Lanificio di Tollegno\",\"isPartOf\":{\"@id\":\"https:\/\/www.3dwool.it\/it\/#website\"},\"primaryImageOfPage\":{\"@id\":\"https:\/\/www.3dwool.it\/it\/sostenibile\/#primaryimage\"},\"image\":{\"@id\":\"https:\/\/www.3dwool.it\/it\/sostenibile\/#primaryimage\"},\"thumbnailUrl\":\"https:\/\/www.3dwool.it\/wp-content\/uploads\/2023\/03\/TWC_farms_BolindaVale_09.jpg\",\"datePublished\":\"2023-01-30T13:04:18+00:00\",\"dateModified\":\"2024-07-28T15:54:12+00:00\",\"description\":\"Lanificio di Tollegno has worked to maintain a constant balance between production efficiency and respect for the habitat, creating the foundations for a circular economy whose cornerstones are sustainability, intelligent recovery, and conscious reuse\",\"breadcrumb\":{\"@id\":\"https:\/\/www.3dwool.it\/it\/sostenibile\/#breadcrumb\"},\"inLanguage\":\"it-IT\",\"potentialAction\":[{\"@type\":\"ReadAction\",\"target\":[\"https:\/\/www.3dwool.it\/it\/sostenibile\/\"]}]},{\"@type\":\"ImageObject\",\"inLanguage\":\"it-IT\",\"@id\":\"https:\/\/www.3dwool.it\/it\/sostenibile\/#primaryimage\",\"url\":\"https:\/\/www.3dwool.it\/wp-content\/uploads\/2023\/03\/TWC_farms_BolindaVale_09.jpg\",\"contentUrl\":\"https:\/\/www.3dwool.it\/wp-content\/uploads\/2023\/03\/TWC_farms_BolindaVale_09.jpg\"},{\"@type\":\"BreadcrumbList\",\"@id\":\"https:\/\/www.3dwool.it\/it\/sostenibile\/#breadcrumb\",\"itemListElement\":[{\"@type\":\"ListItem\",\"position\":1,\"name\":\"Home\",\"item\":\"https:\/\/www.3dwool.it\/it\/\"},{\"@type\":\"ListItem\",\"position\":2,\"name\":\"Sostenibile\"}]},{\"@type\":\"WebSite\",\"@id\":\"https:\/\/www.3dwool.it\/it\/#website\",\"url\":\"https:\/\/www.3dwool.it\/it\/\",\"name\":\"3DWOOL - Lanificio di Tollegno\",\"description\":\"\",\"publisher\":{\"@id\":\"https:\/\/www.3dwool.it\/it\/#organization\"},\"potentialAction\":[{\"@type\":\"SearchAction\",\"target\":{\"@type\":\"EntryPoint\",\"urlTemplate\":\"https:\/\/www.3dwool.it\/it\/?s={search_term_string}\"},\"query-input\":{\"@type\":\"PropertyValueSpecification\",\"valueRequired\":true,\"valueName\":\"search_term_string\"}}],\"inLanguage\":\"it-IT\"},{\"@type\":\"Organization\",\"@id\":\"https:\/\/www.3dwool.it\/it\/#organization\",\"name\":\"LANIFICIO DI TOLLEGNO S.P.A.\",\"alternateName\":\"3D Wool\",\"url\":\"https:\/\/www.3dwool.it\/it\/\",\"logo\":{\"@type\":\"ImageObject\",\"inLanguage\":\"it-IT\",\"@id\":\"https:\/\/www.3dwool.it\/it\/#\/schema\/logo\/image\/\",\"url\":\"https:\/\/www.3dwool.it\/wp-content\/uploads\/2022\/10\/3DWool_col.png\",\"contentUrl\":\"https:\/\/www.3dwool.it\/wp-content\/uploads\/2022\/10\/3DWool_col.png\",\"width\":2480,\"height\":515,\"caption\":\"LANIFICIO DI TOLLEGNO S.P.A.\"},\"image\":{\"@id\":\"https:\/\/www.3dwool.it\/it\/#\/schema\/logo\/image\/\"},\"sameAs\":[\"https:\/\/www.instagram.com\/3dwool\/\",\"https:\/\/www.linkedin.com\/company\/3d-wool-lanificio-di-tollegno-spa\/\"]}]}<\/script>\n<!-- \/ Yoast SEO plugin. -->","yoast_head_json":{"title":"Sostenibile | 3DWOOL - Lanificio di Tollegno","description":"Lanificio di Tollegno has worked to maintain a constant balance between production efficiency and respect for the habitat, creating the foundations for a circular economy whose cornerstones are sustainability, intelligent recovery, and conscious reuse","robots":{"index":"index","follow":"follow","max-snippet":"max-snippet:-1","max-image-preview":"max-image-preview:large","max-video-preview":"max-video-preview:-1"},"canonical":"https:\/\/www.3dwool.it\/it\/sostenibile\/","og_locale":"it_IT","og_type":"article","og_title":"Sostenibile | 3DWOOL - Lanificio di Tollegno","og_description":"Lanificio di Tollegno has worked to maintain a constant balance between production efficiency and respect for the habitat, creating the foundations for a circular economy whose cornerstones are sustainability, intelligent recovery, and conscious reuse","og_url":"https:\/\/www.3dwool.it\/it\/sostenibile\/","og_site_name":"3DWOOL - Lanificio di Tollegno","article_modified_time":"2024-07-28T15:54:12+00:00","og_image":[{"url":"https:\/\/www.3dwool.it\/wp-content\/uploads\/2023\/03\/TWC_farms_BolindaVale_09.jpg","type":"","width":"","height":""}],"twitter_card":"summary_large_image","twitter_misc":{"Tempo di lettura stimato":"2 minuti"},"schema":{"@context":"https:\/\/schema.org","@graph":[{"@type":"WebPage","@id":"https:\/\/www.3dwool.it\/it\/sostenibile\/","url":"https:\/\/www.3dwool.it\/it\/sostenibile\/","name":"Sostenibile | 3DWOOL - Lanificio di Tollegno","isPartOf":{"@id":"https:\/\/www.3dwool.it\/it\/#website"},"primaryImageOfPage":{"@id":"https:\/\/www.3dwool.it\/it\/sostenibile\/#primaryimage"},"image":{"@id":"https:\/\/www.3dwool.it\/it\/sostenibile\/#primaryimage"},"thumbnailUrl":"https:\/\/www.3dwool.it\/wp-content\/uploads\/2023\/03\/TWC_farms_BolindaVale_09.jpg","datePublished":"2023-01-30T13:04:18+00:00","dateModified":"2024-07-28T15:54:12+00:00","description":"Lanificio di Tollegno has worked to maintain a constant balance between production efficiency and respect for the habitat, creating the foundations for a circular economy whose cornerstones are sustainability, intelligent recovery, and conscious reuse","breadcrumb":{"@id":"https:\/\/www.3dwool.it\/it\/sostenibile\/#breadcrumb"},"inLanguage":"it-IT","potentialAction":[{"@type":"ReadAction","target":["https:\/\/www.3dwool.it\/it\/sostenibile\/"]}]},{"@type":"ImageObject","inLanguage":"it-IT","@id":"https:\/\/www.3dwool.it\/it\/sostenibile\/#primaryimage","url":"https:\/\/www.3dwool.it\/wp-content\/uploads\/2023\/03\/TWC_farms_BolindaVale_09.jpg","contentUrl":"https:\/\/www.3dwool.it\/wp-content\/uploads\/2023\/03\/TWC_farms_BolindaVale_09.jpg"},{"@type":"BreadcrumbList","@id":"https:\/\/www.3dwool.it\/it\/sostenibile\/#breadcrumb","itemListElement":[{"@type":"ListItem","position":1,"name":"Home","item":"https:\/\/www.3dwool.it\/it\/"},{"@type":"ListItem","position":2,"name":"Sostenibile"}]},{"@type":"WebSite","@id":"https:\/\/www.3dwool.it\/it\/#website","url":"https:\/\/www.3dwool.it\/it\/","name":"3DWOOL - Lanificio di Tollegno","description":"","publisher":{"@id":"https:\/\/www.3dwool.it\/it\/#organization"},"potentialAction":[{"@type":"SearchAction","target":{"@type":"EntryPoint","urlTemplate":"https:\/\/www.3dwool.it\/it\/?s={search_term_string}"},"query-input":{"@type":"PropertyValueSpecification","valueRequired":true,"valueName":"search_term_string"}}],"inLanguage":"it-IT"},{"@type":"Organization","@id":"https:\/\/www.3dwool.it\/it\/#organization","name":"LANIFICIO DI TOLLEGNO S.P.A.","alternateName":"3D Wool","url":"https:\/\/www.3dwool.it\/it\/","logo":{"@type":"ImageObject","inLanguage":"it-IT","@id":"https:\/\/www.3dwool.it\/it\/#\/schema\/logo\/image\/","url":"https:\/\/www.3dwool.it\/wp-content\/uploads\/2022\/10\/3DWool_col.png","contentUrl":"https:\/\/www.3dwool.it\/wp-content\/uploads\/2022\/10\/3DWool_col.png","width":2480,"height":515,"caption":"LANIFICIO DI TOLLEGNO S.P.A."},"image":{"@id":"https:\/\/www.3dwool.it\/it\/#\/schema\/logo\/image\/"},"sameAs":["https:\/\/www.instagram.com\/3dwool\/","https:\/\/www.linkedin.com\/company\/3d-wool-lanificio-di-tollegno-spa\/"]}]}},"_links":{"self":[{"href":"https:\/\/www.3dwool.it\/it\/wp-json\/wp\/v2\/pages\/540","targetHints":{"allow":["GET"]}}],"collection":[{"href":"https:\/\/www.3dwool.it\/it\/wp-json\/wp\/v2\/pages"}],"about":[{"href":"https:\/\/www.3dwool.it\/it\/wp-json\/wp\/v2\/types\/page"}],"author":[{"embeddable":true,"href":"https:\/\/www.3dwool.it\/it\/wp-json\/wp\/v2\/users\/1"}],"replies":[{"embeddable":true,"href":"https:\/\/www.3dwool.it\/it\/wp-json\/wp\/v2\/comments?post=540"}],"version-history":[{"count":15,"href":"https:\/\/www.3dwool.it\/it\/wp-json\/wp\/v2\/pages\/540\/revisions"}],"predecessor-version":[{"id":1813,"href":"https:\/\/www.3dwool.it\/it\/wp-json\/wp\/v2\/pages\/540\/revisions\/1813"}],"wp:attachment":[{"href":"https:\/\/www.3dwool.it\/it\/wp-json\/wp\/v2\/media?parent=540"}],"curies":[{"name":"wp","href":"https:\/\/api.w.org\/{rel}","templated":true}]}}