{"id":507,"date":"2023-01-30T12:31:37","date_gmt":"2023-01-30T11:31:37","guid":{"rendered":"https:\/\/www.3dwool.it\/about\/"},"modified":"2024-07-29T12:16:04","modified_gmt":"2024-07-29T10:16:04","slug":"lanificio-di-tollegno","status":"publish","type":"page","link":"https:\/\/www.3dwool.it\/it\/lanificio-di-tollegno\/","title":{"rendered":"Lanifico di Tollegno"},"content":{"rendered":"\t\t<div data-elementor-type=\"wp-page\" data-elementor-id=\"507\" class=\"elementor elementor-507 elementor-494\" data-elementor-post-type=\"page\">\n\t\t\t\t\t\t<section class=\"elementor-section elementor-top-section elementor-element elementor-element-4bd14d4 elementor-section-boxed elementor-section-height-default elementor-section-height-default\" data-id=\"4bd14d4\" data-element_type=\"section\">\n\t\t\t\t\t\t<div class=\"elementor-container elementor-column-gap-default\">\n\t\t\t\t\t<div class=\"elementor-column elementor-col-100 elementor-top-column elementor-element elementor-element-94ba62d\" data-id=\"94ba62d\" data-element_type=\"column\">\n\t\t\t<div class=\"elementor-widget-wrap elementor-element-populated\">\n\t\t\t\t\t\t<div class=\"elementor-element elementor-element-3a94793 elementor-nav-menu__align-center elementor-nav-menu--dropdown-none elementor-widget elementor-widget-nav-menu\" data-id=\"3a94793\" data-element_type=\"widget\" data-settings=\"{&quot;layout&quot;:&quot;horizontal&quot;,&quot;submenu_icon&quot;:{&quot;value&quot;:&quot;&lt;i class=\\&quot;fas fa-caret-down\\&quot;&gt;&lt;\\\/i&gt;&quot;,&quot;library&quot;:&quot;fa-solid&quot;}}\" data-widget_type=\"nav-menu.default\">\n\t\t\t\t<div class=\"elementor-widget-container\">\n\t\t\t\t\t\t\t\t<nav aria-label=\"Menu\" class=\"elementor-nav-menu--main elementor-nav-menu__container elementor-nav-menu--layout-horizontal e--pointer-underline e--animation-fade\">\n\t\t\t\t<ul id=\"menu-1-3a94793\" class=\"elementor-nav-menu\"><li class=\"menu-item menu-item-type-post_type menu-item-object-page menu-item-642\"><a href=\"https:\/\/www.3dwool.it\/it\/lanificio-di-tollegno\/\" class=\"elementor-item\">Lanificio di Tollegno<\/a><\/li>\n<li class=\"menu-item menu-item-type-post_type menu-item-object-page menu-item-640\"><a href=\"https:\/\/www.3dwool.it\/it\/innovation\/\" class=\"elementor-item\">Innovazione<\/a><\/li>\n<li class=\"menu-item menu-item-type-post_type menu-item-object-page menu-item-639\"><a href=\"https:\/\/www.3dwool.it\/it\/lavorazione\/\" class=\"elementor-item\">Lavorazione<\/a><\/li>\n<\/ul>\t\t\t<\/nav>\n\t\t\t\t\t\t<nav class=\"elementor-nav-menu--dropdown elementor-nav-menu__container\" aria-hidden=\"true\">\n\t\t\t\t<ul id=\"menu-2-3a94793\" class=\"elementor-nav-menu\"><li class=\"menu-item menu-item-type-post_type menu-item-object-page menu-item-642\"><a href=\"https:\/\/www.3dwool.it\/it\/lanificio-di-tollegno\/\" class=\"elementor-item\" tabindex=\"-1\">Lanificio di Tollegno<\/a><\/li>\n<li class=\"menu-item menu-item-type-post_type menu-item-object-page menu-item-640\"><a href=\"https:\/\/www.3dwool.it\/it\/innovation\/\" class=\"elementor-item\" tabindex=\"-1\">Innovazione<\/a><\/li>\n<li class=\"menu-item menu-item-type-post_type menu-item-object-page menu-item-639\"><a href=\"https:\/\/www.3dwool.it\/it\/lavorazione\/\" class=\"elementor-item\" tabindex=\"-1\">Lavorazione<\/a><\/li>\n<\/ul>\t\t\t<\/nav>\n\t\t\t\t\t\t<\/div>\n\t\t\t\t<\/div>\n\t\t\t\t\t<\/div>\n\t\t<\/div>\n\t\t\t\t\t<\/div>\n\t\t<\/section>\n\t\t\t\t<section class=\"elementor-section elementor-top-section elementor-element elementor-element-a55462f elementor-section-boxed elementor-section-height-default elementor-section-height-default\" data-id=\"a55462f\" data-element_type=\"section\">\n\t\t\t\t\t\t<div class=\"elementor-container elementor-column-gap-default\">\n\t\t\t\t\t<div class=\"elementor-column elementor-col-100 elementor-top-column elementor-element elementor-element-fd01e8f\" data-id=\"fd01e8f\" data-element_type=\"column\">\n\t\t\t<div class=\"elementor-widget-wrap elementor-element-populated\">\n\t\t\t\t\t\t<div class=\"elementor-element elementor-element-9443557 elementor-widget elementor-widget-heading\" data-id=\"9443557\" data-element_type=\"widget\" data-widget_type=\"heading.default\">\n\t\t\t\t<div class=\"elementor-widget-container\">\n\t\t\t\t\t<h1 class=\"elementor-heading-title elementor-size-default\">Lanificio di Tollegno<\/h1>\t\t\t\t<\/div>\n\t\t\t\t<\/div>\n\t\t\t\t<div class=\"elementor-element elementor-element-bc6f0bd elementor-widget elementor-widget-heading\" data-id=\"bc6f0bd\" data-element_type=\"widget\" data-widget_type=\"heading.default\">\n\t\t\t\t<div class=\"elementor-widget-container\">\n\t\t\t\t\t<h2 class=\"elementor-heading-title elementor-size-default\">Un nuovo mindset, un lifestyle che va oltre la moda, un interprete di valore del made in Italy: 3dwool, il tessuto innovativo del Lanificio di Tollegno che combina prestazione ed estetica <\/h2>\t\t\t\t<\/div>\n\t\t\t\t<\/div>\n\t\t\t\t\t<\/div>\n\t\t<\/div>\n\t\t\t\t\t<\/div>\n\t\t<\/section>\n\t\t\t\t<section class=\"elementor-section elementor-top-section elementor-element elementor-element-bdc4cb9 elementor-section-boxed elementor-section-height-default elementor-section-height-default\" data-id=\"bdc4cb9\" data-element_type=\"section\">\n\t\t\t\t\t\t<div class=\"elementor-container elementor-column-gap-default\">\n\t\t\t\t\t<div class=\"elementor-column elementor-col-100 elementor-top-column elementor-element elementor-element-274dbaa\" data-id=\"274dbaa\" data-element_type=\"column\">\n\t\t\t<div class=\"elementor-widget-wrap elementor-element-populated\">\n\t\t\t\t\t\t<div class=\"elementor-element elementor-element-e3631ce elementor-widget elementor-widget-image\" data-id=\"e3631ce\" data-element_type=\"widget\" data-widget_type=\"image.default\">\n\t\t\t\t<div class=\"elementor-widget-container\">\n\t\t\t\t\t\t\t\t\t\t\t\t\t\t\t<img fetchpriority=\"high\" decoding=\"async\" width=\"1328\" height=\"587\" src=\"https:\/\/www.3dwool.it\/wp-content\/uploads\/2023\/03\/TOLLEGNO_1900_1730_LR-rit.jpg\" class=\"attachment-full size-full wp-image-1004\" alt=\"Lanificio di Tollegno\" srcset=\"https:\/\/www.3dwool.it\/wp-content\/uploads\/2023\/03\/TOLLEGNO_1900_1730_LR-rit.jpg 1328w, https:\/\/www.3dwool.it\/wp-content\/uploads\/2023\/03\/TOLLEGNO_1900_1730_LR-rit-300x133.jpg 300w, https:\/\/www.3dwool.it\/wp-content\/uploads\/2023\/03\/TOLLEGNO_1900_1730_LR-rit-1024x453.jpg 1024w, https:\/\/www.3dwool.it\/wp-content\/uploads\/2023\/03\/TOLLEGNO_1900_1730_LR-rit-768x339.jpg 768w\" sizes=\"(max-width: 1328px) 100vw, 1328px\" \/>\t\t\t\t\t\t\t\t\t\t\t\t\t\t\t<\/div>\n\t\t\t\t<\/div>\n\t\t\t\t\t<\/div>\n\t\t<\/div>\n\t\t\t\t\t<\/div>\n\t\t<\/section>\n\t\t\t\t<section class=\"elementor-section elementor-top-section elementor-element elementor-element-7a18daa elementor-section-boxed elementor-section-height-default elementor-section-height-default\" data-id=\"7a18daa\" data-element_type=\"section\">\n\t\t\t\t\t\t<div class=\"elementor-container elementor-column-gap-default\">\n\t\t\t\t\t<div class=\"elementor-column elementor-col-100 elementor-top-column elementor-element elementor-element-38483fc\" data-id=\"38483fc\" data-element_type=\"column\" data-settings=\"{&quot;background_background&quot;:&quot;classic&quot;}\">\n\t\t\t<div class=\"elementor-widget-wrap elementor-element-populated\">\n\t\t\t\t\t\t<div class=\"elementor-element elementor-element-9d7233b elementor-widget elementor-widget-text-editor\" data-id=\"9d7233b\" data-element_type=\"widget\" data-widget_type=\"text-editor.default\">\n\t\t\t\t<div class=\"elementor-widget-container\">\n\t\t\t\t\t\t\t\t\t<p>Confortevole nell\u2019essenza, performante per la capacit\u00e0 di accompagnare ogni momento della giornata senza perdere smalto e sartoriale per vocazione grazie alla possibilit\u00e0 di acquistare tagli \u201cready to make\u201d funzionali ad abiti su misura: benvenuti nel mondo 3D WOOL di Lanificio di Tollegno.<\/p>\n<p>Tessuto tecnico ed innovativo, sintesi di agio ed estetica, comodit\u00e0 e distintivit\u00e0, 3DWOOL interpreta i bisogni e le esigenze della donna e dell\u2019uomo contemporanei, concorrendo a definirne lo stile. Ma 3D WOOL non dimentica nemmeno la tutela dell\u2019ambiente, facendosi interprete di una moda etica.<\/p>\n<p>La sua produzione realizzata nello stabilimento del Lanificio di Tollegno permette infatti di garantire una filiera responsabile e tracciabile, anche valorizzata dall\u2019opportunit\u00e0 di utilizzare lane RWS e Nativa. Un plus che va di pari passo con una gestione scrupolosa e certificata degli impatti ambientali, in piena conformit\u00e0 con lo standard ZDHC.<\/p>\n<p>Ci\u00f2 fa di 3DWOOL un tessuto del futuro perch\u00e9 accosta alla sua naturalit\u00e0, espressa dall\u2019uso di lane anche tracciabili e certificate, l\u2019innata prestazionalit\u00e0, garantita dalla sua elasticit\u00e0 al 25%. Caratteristiche che lo rendono ideale per realizzare capi che, oltre a rispondere alle tendenze moda, sono capaci di disegnare il corpo seguendone le forme, senza costringerne o limitarne i movimenti.<\/p>\n<p>Ma Tollegno 3D WOOL \u00e8 anche altro: un nuovo modo di approcciarsi alla moda e di vestire il day by day per chi cerca un prodotto che sintetizzi qualit\u00e0 delle fibre tessili, praticit\u00e0 e valore tecnico; un lifestyle frutto della ricerca e della sperimentazione della divisione R&amp;D del Lanificio di Tollegno, da oltre 120 anni emblema di italianit\u00e0 per capacit\u00e0 artigianali, creative e di rinnovamento.<\/p>\n\t\t\t\t\t\t\t\t<\/div>\n\t\t\t\t<\/div>\n\t\t\t\t\t<\/div>\n\t\t<\/div>\n\t\t\t\t\t<\/div>\n\t\t<\/section>\n\t\t\t\t<section class=\"elementor-section elementor-top-section elementor-element elementor-element-852bcf9 elementor-section-boxed elementor-section-height-default elementor-section-height-default\" data-id=\"852bcf9\" data-element_type=\"section\">\n\t\t\t\t\t\t<div class=\"elementor-container elementor-column-gap-default\">\n\t\t\t\t\t<div class=\"elementor-column elementor-col-100 elementor-top-column elementor-element elementor-element-48696da\" data-id=\"48696da\" data-element_type=\"column\">\n\t\t\t<div class=\"elementor-widget-wrap elementor-element-populated\">\n\t\t\t\t\t\t<div class=\"elementor-element elementor-element-f2298ff elementor-widget elementor-widget-image\" data-id=\"f2298ff\" data-element_type=\"widget\" data-widget_type=\"image.default\">\n\t\t\t\t<div class=\"elementor-widget-container\">\n\t\t\t\t\t\t\t\t\t\t\t\t\t\t\t<img decoding=\"async\" width=\"1500\" height=\"580\" src=\"https:\/\/www.3dwool.it\/wp-content\/uploads\/2023\/03\/lanifcio_drone_rid.jpg\" class=\"attachment-full size-full wp-image-1007\" alt=\"\" srcset=\"https:\/\/www.3dwool.it\/wp-content\/uploads\/2023\/03\/lanifcio_drone_rid.jpg 1500w, https:\/\/www.3dwool.it\/wp-content\/uploads\/2023\/03\/lanifcio_drone_rid-300x116.jpg 300w, https:\/\/www.3dwool.it\/wp-content\/uploads\/2023\/03\/lanifcio_drone_rid-1024x396.jpg 1024w, https:\/\/www.3dwool.it\/wp-content\/uploads\/2023\/03\/lanifcio_drone_rid-768x297.jpg 768w\" sizes=\"(max-width: 1500px) 100vw, 1500px\" \/>\t\t\t\t\t\t\t\t\t\t\t\t\t\t\t<\/div>\n\t\t\t\t<\/div>\n\t\t\t\t\t<\/div>\n\t\t<\/div>\n\t\t\t\t\t<\/div>\n\t\t<\/section>\n\t\t\t\t<section class=\"elementor-section elementor-top-section elementor-element elementor-element-a5b28ae elementor-section-height-min-height elementor-section-items-stretch elementor-section-content-middle elementor-section-boxed elementor-section-height-default\" data-id=\"a5b28ae\" data-element_type=\"section\">\n\t\t\t\t\t\t<div class=\"elementor-container elementor-column-gap-default\">\n\t\t\t\t\t<div class=\"elementor-column elementor-col-100 elementor-top-column elementor-element elementor-element-3c72f5f\" data-id=\"3c72f5f\" data-element_type=\"column\" data-settings=\"{&quot;background_background&quot;:&quot;classic&quot;}\">\n\t\t\t<div class=\"elementor-widget-wrap elementor-element-populated\">\n\t\t\t\t\t\t<div class=\"elementor-element elementor-element-051f967 elementor-widget elementor-widget-text-editor\" data-id=\"051f967\" data-element_type=\"widget\" data-widget_type=\"text-editor.default\">\n\t\t\t\t<div class=\"elementor-widget-container\">\n\t\t\t\t\t\t\t\t\t<p>Pionieri per vocazione, le donne e gli uomini dell\u2019azienda hanno negli anni saputo leggere e interpretare i cambiamenti del mercato, dando vita ad un prodotto che potesse sublimarne le esigenze. Il tessuto 3DWOOL nasce da questa consapevolezza e dal desiderio di creare una soluzione capace di regalare sensazioni di comfort senza uguali.<\/p>\n<p>A sottolinearne il valore \u00e8 inoltre la sua anima green, attestata dalle fasi di produzione e lavorazione che, realizzate interamente nello stabilimento del Lanificio di Tollegno, utilizzano impianti e processi green e limitano significativamente anche l\u2019impiego di prodotti chimici.<\/p>\n\t\t\t\t\t\t\t\t<\/div>\n\t\t\t\t<\/div>\n\t\t\t\t\t<\/div>\n\t\t<\/div>\n\t\t\t\t\t<\/div>\n\t\t<\/section>\n\t\t\t\t<section class=\"elementor-section elementor-top-section elementor-element elementor-element-2b7f27b elementor-section-boxed elementor-section-height-default elementor-section-height-default\" data-id=\"2b7f27b\" data-element_type=\"section\">\n\t\t\t\t\t\t<div class=\"elementor-container elementor-column-gap-default\">\n\t\t\t\t\t<div class=\"elementor-column elementor-col-100 elementor-top-column elementor-element elementor-element-6e856a2\" data-id=\"6e856a2\" data-element_type=\"column\">\n\t\t\t<div class=\"elementor-widget-wrap elementor-element-populated\">\n\t\t\t\t\t\t<div class=\"elementor-element elementor-element-be7b0d0 elementor-blockquote--skin-border elementor-blockquote--button-color-official elementor-widget elementor-widget-blockquote\" data-id=\"be7b0d0\" data-element_type=\"widget\" data-widget_type=\"blockquote.default\">\n\t\t\t\t<div class=\"elementor-widget-container\">\n\t\t\t\t\t\t\t<blockquote class=\"elementor-blockquote\">\n\t\t\t<p class=\"elementor-blockquote__content\">\n\t\t\t\t\"Tessuti innovativi, stretch ed italiani di alta qualit\u00e0 concepiti per prestazioni eccezionali ed espressione di una moda etica\"\t\t\t<\/p>\n\t\t\t\t\t<\/blockquote>\n\t\t\t\t\t\t<\/div>\n\t\t\t\t<\/div>\n\t\t\t\t\t<\/div>\n\t\t<\/div>\n\t\t\t\t\t<\/div>\n\t\t<\/section>\n\t\t\t\t<\/div>\n\t\t","protected":false},"excerpt":{"rendered":"<p>Lanificio di Tollegno Un nuovo mindset, un lifestyle che va oltre la moda, un interprete di valore del made in Italy: 3dwool, il tessuto innovativo del Lanificio di Tollegno che combina prestazione ed estetica Confortevole nell\u2019essenza, performante per la capacit\u00e0 di accompagnare ogni momento della giornata senza perdere smalto e sartoriale per vocazione grazie alla [&hellip;]<\/p>\n","protected":false},"author":1,"featured_media":0,"parent":0,"menu_order":0,"comment_status":"closed","ping_status":"closed","template":"","meta":{"footnotes":""},"class_list":["post-507","page","type-page","status-publish","hentry"],"yoast_head":"<!-- This site is optimized with the Yoast SEO plugin v24.6 - https:\/\/yoast.com\/wordpress\/plugins\/seo\/ -->\n<title>Lanifico di Tollegno | 3DWOOL - Lanificio di Tollegno<\/title>\n<meta name=\"description\" content=\"The innovative fabric by the Lanificio di Tollegno that combines performance and aesthetics\" \/>\n<meta name=\"robots\" content=\"index, follow, max-snippet:-1, max-image-preview:large, max-video-preview:-1\" \/>\n<link rel=\"canonical\" href=\"https:\/\/www.3dwool.it\/it\/lanificio-di-tollegno\/\" \/>\n<meta property=\"og:locale\" content=\"it_IT\" \/>\n<meta property=\"og:type\" content=\"article\" \/>\n<meta property=\"og:title\" content=\"Lanifico di Tollegno | 3DWOOL - Lanificio di Tollegno\" \/>\n<meta property=\"og:description\" content=\"The innovative fabric by the Lanificio di Tollegno that combines performance and aesthetics\" \/>\n<meta property=\"og:url\" content=\"https:\/\/www.3dwool.it\/it\/lanificio-di-tollegno\/\" \/>\n<meta property=\"og:site_name\" content=\"3DWOOL - Lanificio di Tollegno\" \/>\n<meta property=\"article:modified_time\" content=\"2024-07-29T10:16:04+00:00\" \/>\n<meta property=\"og:image\" content=\"https:\/\/www.3dwool.it\/wp-content\/uploads\/2023\/03\/TOLLEGNO_1900_1730_LR-rit.jpg\" \/>\n<meta name=\"twitter:card\" content=\"summary_large_image\" \/>\n<meta name=\"twitter:label1\" content=\"Tempo di lettura stimato\" \/>\n\t<meta name=\"twitter:data1\" content=\"2 minuti\" \/>\n<script type=\"application\/ld+json\" class=\"yoast-schema-graph\">{\"@context\":\"https:\/\/schema.org\",\"@graph\":[{\"@type\":\"WebPage\",\"@id\":\"https:\/\/www.3dwool.it\/it\/lanificio-di-tollegno\/\",\"url\":\"https:\/\/www.3dwool.it\/it\/lanificio-di-tollegno\/\",\"name\":\"Lanifico di Tollegno | 3DWOOL - Lanificio di Tollegno\",\"isPartOf\":{\"@id\":\"https:\/\/www.3dwool.it\/it\/#website\"},\"primaryImageOfPage\":{\"@id\":\"https:\/\/www.3dwool.it\/it\/lanificio-di-tollegno\/#primaryimage\"},\"image\":{\"@id\":\"https:\/\/www.3dwool.it\/it\/lanificio-di-tollegno\/#primaryimage\"},\"thumbnailUrl\":\"https:\/\/www.3dwool.it\/wp-content\/uploads\/2023\/03\/TOLLEGNO_1900_1730_LR-rit.jpg\",\"datePublished\":\"2023-01-30T11:31:37+00:00\",\"dateModified\":\"2024-07-29T10:16:04+00:00\",\"description\":\"The innovative fabric by the Lanificio di Tollegno that combines performance and aesthetics\",\"breadcrumb\":{\"@id\":\"https:\/\/www.3dwool.it\/it\/lanificio-di-tollegno\/#breadcrumb\"},\"inLanguage\":\"it-IT\",\"potentialAction\":[{\"@type\":\"ReadAction\",\"target\":[\"https:\/\/www.3dwool.it\/it\/lanificio-di-tollegno\/\"]}]},{\"@type\":\"ImageObject\",\"inLanguage\":\"it-IT\",\"@id\":\"https:\/\/www.3dwool.it\/it\/lanificio-di-tollegno\/#primaryimage\",\"url\":\"https:\/\/www.3dwool.it\/wp-content\/uploads\/2023\/03\/TOLLEGNO_1900_1730_LR-rit.jpg\",\"contentUrl\":\"https:\/\/www.3dwool.it\/wp-content\/uploads\/2023\/03\/TOLLEGNO_1900_1730_LR-rit.jpg\"},{\"@type\":\"BreadcrumbList\",\"@id\":\"https:\/\/www.3dwool.it\/it\/lanificio-di-tollegno\/#breadcrumb\",\"itemListElement\":[{\"@type\":\"ListItem\",\"position\":1,\"name\":\"Home\",\"item\":\"https:\/\/www.3dwool.it\/it\/\"},{\"@type\":\"ListItem\",\"position\":2,\"name\":\"Lanifico di Tollegno\"}]},{\"@type\":\"WebSite\",\"@id\":\"https:\/\/www.3dwool.it\/it\/#website\",\"url\":\"https:\/\/www.3dwool.it\/it\/\",\"name\":\"3DWOOL - Lanificio di Tollegno\",\"description\":\"\",\"publisher\":{\"@id\":\"https:\/\/www.3dwool.it\/it\/#organization\"},\"potentialAction\":[{\"@type\":\"SearchAction\",\"target\":{\"@type\":\"EntryPoint\",\"urlTemplate\":\"https:\/\/www.3dwool.it\/it\/?s={search_term_string}\"},\"query-input\":{\"@type\":\"PropertyValueSpecification\",\"valueRequired\":true,\"valueName\":\"search_term_string\"}}],\"inLanguage\":\"it-IT\"},{\"@type\":\"Organization\",\"@id\":\"https:\/\/www.3dwool.it\/it\/#organization\",\"name\":\"LANIFICIO DI TOLLEGNO S.P.A.\",\"alternateName\":\"3D Wool\",\"url\":\"https:\/\/www.3dwool.it\/it\/\",\"logo\":{\"@type\":\"ImageObject\",\"inLanguage\":\"it-IT\",\"@id\":\"https:\/\/www.3dwool.it\/it\/#\/schema\/logo\/image\/\",\"url\":\"https:\/\/www.3dwool.it\/wp-content\/uploads\/2022\/10\/3DWool_col.png\",\"contentUrl\":\"https:\/\/www.3dwool.it\/wp-content\/uploads\/2022\/10\/3DWool_col.png\",\"width\":2480,\"height\":515,\"caption\":\"LANIFICIO DI TOLLEGNO S.P.A.\"},\"image\":{\"@id\":\"https:\/\/www.3dwool.it\/it\/#\/schema\/logo\/image\/\"},\"sameAs\":[\"https:\/\/www.instagram.com\/3dwool\/\",\"https:\/\/www.linkedin.com\/company\/3d-wool-lanificio-di-tollegno-spa\/\"]}]}<\/script>\n<!-- \/ Yoast SEO plugin. -->","yoast_head_json":{"title":"Lanifico di Tollegno | 3DWOOL - Lanificio di Tollegno","description":"The innovative fabric by the Lanificio di Tollegno that combines performance and aesthetics","robots":{"index":"index","follow":"follow","max-snippet":"max-snippet:-1","max-image-preview":"max-image-preview:large","max-video-preview":"max-video-preview:-1"},"canonical":"https:\/\/www.3dwool.it\/it\/lanificio-di-tollegno\/","og_locale":"it_IT","og_type":"article","og_title":"Lanifico di Tollegno | 3DWOOL - Lanificio di Tollegno","og_description":"The innovative fabric by the Lanificio di Tollegno that combines performance and aesthetics","og_url":"https:\/\/www.3dwool.it\/it\/lanificio-di-tollegno\/","og_site_name":"3DWOOL - Lanificio di Tollegno","article_modified_time":"2024-07-29T10:16:04+00:00","og_image":[{"url":"https:\/\/www.3dwool.it\/wp-content\/uploads\/2023\/03\/TOLLEGNO_1900_1730_LR-rit.jpg","type":"","width":"","height":""}],"twitter_card":"summary_large_image","twitter_misc":{"Tempo di lettura stimato":"2 minuti"},"schema":{"@context":"https:\/\/schema.org","@graph":[{"@type":"WebPage","@id":"https:\/\/www.3dwool.it\/it\/lanificio-di-tollegno\/","url":"https:\/\/www.3dwool.it\/it\/lanificio-di-tollegno\/","name":"Lanifico di Tollegno | 3DWOOL - Lanificio di Tollegno","isPartOf":{"@id":"https:\/\/www.3dwool.it\/it\/#website"},"primaryImageOfPage":{"@id":"https:\/\/www.3dwool.it\/it\/lanificio-di-tollegno\/#primaryimage"},"image":{"@id":"https:\/\/www.3dwool.it\/it\/lanificio-di-tollegno\/#primaryimage"},"thumbnailUrl":"https:\/\/www.3dwool.it\/wp-content\/uploads\/2023\/03\/TOLLEGNO_1900_1730_LR-rit.jpg","datePublished":"2023-01-30T11:31:37+00:00","dateModified":"2024-07-29T10:16:04+00:00","description":"The innovative fabric by the Lanificio di Tollegno that combines performance and aesthetics","breadcrumb":{"@id":"https:\/\/www.3dwool.it\/it\/lanificio-di-tollegno\/#breadcrumb"},"inLanguage":"it-IT","potentialAction":[{"@type":"ReadAction","target":["https:\/\/www.3dwool.it\/it\/lanificio-di-tollegno\/"]}]},{"@type":"ImageObject","inLanguage":"it-IT","@id":"https:\/\/www.3dwool.it\/it\/lanificio-di-tollegno\/#primaryimage","url":"https:\/\/www.3dwool.it\/wp-content\/uploads\/2023\/03\/TOLLEGNO_1900_1730_LR-rit.jpg","contentUrl":"https:\/\/www.3dwool.it\/wp-content\/uploads\/2023\/03\/TOLLEGNO_1900_1730_LR-rit.jpg"},{"@type":"BreadcrumbList","@id":"https:\/\/www.3dwool.it\/it\/lanificio-di-tollegno\/#breadcrumb","itemListElement":[{"@type":"ListItem","position":1,"name":"Home","item":"https:\/\/www.3dwool.it\/it\/"},{"@type":"ListItem","position":2,"name":"Lanifico di Tollegno"}]},{"@type":"WebSite","@id":"https:\/\/www.3dwool.it\/it\/#website","url":"https:\/\/www.3dwool.it\/it\/","name":"3DWOOL - Lanificio di Tollegno","description":"","publisher":{"@id":"https:\/\/www.3dwool.it\/it\/#organization"},"potentialAction":[{"@type":"SearchAction","target":{"@type":"EntryPoint","urlTemplate":"https:\/\/www.3dwool.it\/it\/?s={search_term_string}"},"query-input":{"@type":"PropertyValueSpecification","valueRequired":true,"valueName":"search_term_string"}}],"inLanguage":"it-IT"},{"@type":"Organization","@id":"https:\/\/www.3dwool.it\/it\/#organization","name":"LANIFICIO DI TOLLEGNO S.P.A.","alternateName":"3D Wool","url":"https:\/\/www.3dwool.it\/it\/","logo":{"@type":"ImageObject","inLanguage":"it-IT","@id":"https:\/\/www.3dwool.it\/it\/#\/schema\/logo\/image\/","url":"https:\/\/www.3dwool.it\/wp-content\/uploads\/2022\/10\/3DWool_col.png","contentUrl":"https:\/\/www.3dwool.it\/wp-content\/uploads\/2022\/10\/3DWool_col.png","width":2480,"height":515,"caption":"LANIFICIO DI TOLLEGNO S.P.A."},"image":{"@id":"https:\/\/www.3dwool.it\/it\/#\/schema\/logo\/image\/"},"sameAs":["https:\/\/www.instagram.com\/3dwool\/","https:\/\/www.linkedin.com\/company\/3d-wool-lanificio-di-tollegno-spa\/"]}]}},"_links":{"self":[{"href":"https:\/\/www.3dwool.it\/it\/wp-json\/wp\/v2\/pages\/507","targetHints":{"allow":["GET"]}}],"collection":[{"href":"https:\/\/www.3dwool.it\/it\/wp-json\/wp\/v2\/pages"}],"about":[{"href":"https:\/\/www.3dwool.it\/it\/wp-json\/wp\/v2\/types\/page"}],"author":[{"embeddable":true,"href":"https:\/\/www.3dwool.it\/it\/wp-json\/wp\/v2\/users\/1"}],"replies":[{"embeddable":true,"href":"https:\/\/www.3dwool.it\/it\/wp-json\/wp\/v2\/comments?post=507"}],"version-history":[{"count":27,"href":"https:\/\/www.3dwool.it\/it\/wp-json\/wp\/v2\/pages\/507\/revisions"}],"predecessor-version":[{"id":1821,"href":"https:\/\/www.3dwool.it\/it\/wp-json\/wp\/v2\/pages\/507\/revisions\/1821"}],"wp:attachment":[{"href":"https:\/\/www.3dwool.it\/it\/wp-json\/wp\/v2\/media?parent=507"}],"curies":[{"name":"wp","href":"https:\/\/api.w.org\/{rel}","templated":true}]}}