{"id":477,"date":"2022-10-17T18:15:42","date_gmt":"2022-10-17T16:15:42","guid":{"rendered":"https:\/\/www.3dwool.it\/product\/"},"modified":"2024-07-29T12:23:10","modified_gmt":"2024-07-29T10:23:10","slug":"product","status":"publish","type":"page","link":"https:\/\/www.3dwool.it\/it\/product\/","title":{"rendered":"Product"},"content":{"rendered":"\t\t<div data-elementor-type=\"wp-page\" data-elementor-id=\"477\" class=\"elementor elementor-477 elementor-160\" data-elementor-post-type=\"page\">\n\t\t\t\t\t\t<section class=\"elementor-section elementor-top-section elementor-element elementor-element-d3f95a7 elementor-section-boxed elementor-section-height-default elementor-section-height-default\" data-id=\"d3f95a7\" data-element_type=\"section\">\n\t\t\t\t\t\t<div class=\"elementor-container elementor-column-gap-default\">\n\t\t\t\t\t<div class=\"elementor-column elementor-col-50 elementor-top-column elementor-element elementor-element-9bd4221\" data-id=\"9bd4221\" data-element_type=\"column\">\n\t\t\t<div class=\"elementor-widget-wrap elementor-element-populated\">\n\t\t\t\t\t\t<div class=\"elementor-element elementor-element-55e9c97 elementor-widget elementor-widget-image\" data-id=\"55e9c97\" data-element_type=\"widget\" data-widget_type=\"image.default\">\n\t\t\t\t<div class=\"elementor-widget-container\">\n\t\t\t\t\t\t\t\t\t\t\t\t\t\t\t<img fetchpriority=\"high\" decoding=\"async\" width=\"800\" height=\"550\" src=\"https:\/\/www.3dwool.it\/wp-content\/uploads\/2022\/12\/dynamic-product.png\" class=\"attachment-large size-large wp-image-414\" alt=\"dynamic product\" srcset=\"https:\/\/www.3dwool.it\/wp-content\/uploads\/2022\/12\/dynamic-product.png 800w, https:\/\/www.3dwool.it\/wp-content\/uploads\/2022\/12\/dynamic-product-300x206.png 300w, https:\/\/www.3dwool.it\/wp-content\/uploads\/2022\/12\/dynamic-product-768x528.png 768w\" sizes=\"(max-width: 800px) 100vw, 800px\" \/>\t\t\t\t\t\t\t\t\t\t\t\t\t\t\t<\/div>\n\t\t\t\t<\/div>\n\t\t\t\t<div class=\"elementor-element elementor-element-341a4ff elementor-widget elementor-widget-text-editor\" data-id=\"341a4ff\" data-element_type=\"widget\" data-widget_type=\"text-editor.default\">\n\t\t\t\t<div class=\"elementor-widget-container\">\n\t\t\t\t\t\t\t\t\t<p>3DWOOL \u00e8 frutto degli investimenti in sviluppo e ricerca del Lanificio di Tollegno, sublimati in un tessuto che combina performance e sostenibilit\u00e0, anima tech e know how artigianale, nel nome del made in Italy. <\/p>\n\t\t\t\t\t\t\t\t<\/div>\n\t\t\t\t<\/div>\n\t\t\t\t<section class=\"elementor-section elementor-inner-section elementor-element elementor-element-e730090 elementor-section-height-min-height elementor-section-boxed elementor-section-height-default\" data-id=\"e730090\" data-element_type=\"section\">\n\t\t\t\t\t\t<div class=\"elementor-container elementor-column-gap-default\">\n\t\t\t\t\t<div class=\"elementor-column elementor-col-100 elementor-inner-column elementor-element elementor-element-3b8fc7d\" data-id=\"3b8fc7d\" data-element_type=\"column\" data-settings=\"{&quot;background_background&quot;:&quot;classic&quot;}\">\n\t\t\t<div class=\"elementor-widget-wrap elementor-element-populated\">\n\t\t\t\t\t\t<div class=\"elementor-element elementor-element-a0ab6cf elementor-widget elementor-widget-text-editor\" data-id=\"a0ab6cf\" data-element_type=\"widget\" data-widget_type=\"text-editor.default\">\n\t\t\t\t<div class=\"elementor-widget-container\">\n\t\t\t\t\t\t\t\t\t<p>Un prodotto etico sin nei processi di produzione che lo rendono unico nel suo genere, perch\u00e8 capace di armonizzare la sua componente pi\u00f9 naturale, affidata a pregiate lane, con quella tecnica, espressa dalla sua iper elasticit\u00e0. Il risultato? Un tessuto che non ha paragoni sul mercato, interpreta le tendenze moda e, per le sue caratteristiche intrinseche, risponde al meglio alle esigenze dell\u2019uomo e della donna moderni.<\/p>\n\t\t\t\t\t\t\t\t<\/div>\n\t\t\t\t<\/div>\n\t\t\t\t<div class=\"elementor-element elementor-element-342311b elementor-widget elementor-widget-image\" data-id=\"342311b\" data-element_type=\"widget\" data-widget_type=\"image.default\">\n\t\t\t\t<div class=\"elementor-widget-container\">\n\t\t\t\t\t\t\t\t\t\t\t\t\t\t\t<img decoding=\"async\" width=\"8\" height=\"443\" src=\"https:\/\/www.3dwool.it\/wp-content\/uploads\/2022\/10\/r-v-8.png\" class=\"attachment-large size-large wp-image-372\" alt=\"\" \/>\t\t\t\t\t\t\t\t\t\t\t\t\t\t\t<\/div>\n\t\t\t\t<\/div>\n\t\t\t\t\t<\/div>\n\t\t<\/div>\n\t\t\t\t\t<\/div>\n\t\t<\/section>\n\t\t\t\t\t<\/div>\n\t\t<\/div>\n\t\t\t\t<div class=\"elementor-column elementor-col-50 elementor-top-column elementor-element elementor-element-e0be960\" data-id=\"e0be960\" data-element_type=\"column\">\n\t\t\t<div class=\"elementor-widget-wrap elementor-element-populated\">\n\t\t\t\t\t\t<div class=\"elementor-element elementor-element-7287b48 elementor-widget elementor-widget-image\" data-id=\"7287b48\" data-element_type=\"widget\" data-widget_type=\"image.default\">\n\t\t\t\t<div class=\"elementor-widget-container\">\n\t\t\t\t\t\t\t\t\t\t\t\t\t\t\t<img decoding=\"async\" width=\"667\" height=\"1000\" src=\"https:\/\/www.3dwool.it\/wp-content\/uploads\/2022\/10\/2.jpg\" class=\"attachment-large size-large wp-image-366\" alt=\"3D wool\" srcset=\"https:\/\/www.3dwool.it\/wp-content\/uploads\/2022\/10\/2.jpg 667w, https:\/\/www.3dwool.it\/wp-content\/uploads\/2022\/10\/2-200x300.jpg 200w\" sizes=\"(max-width: 667px) 100vw, 667px\" \/>\t\t\t\t\t\t\t\t\t\t\t\t\t\t\t<\/div>\n\t\t\t\t<\/div>\n\t\t\t\t\t<\/div>\n\t\t<\/div>\n\t\t\t\t\t<\/div>\n\t\t<\/section>\n\t\t\t\t<\/div>\n\t\t","protected":false},"excerpt":{"rendered":"<p>3DWOOL \u00e8 frutto degli investimenti in sviluppo e ricerca del Lanificio di Tollegno, sublimati in un tessuto che combina performance e sostenibilit\u00e0, anima tech e know how artigianale, nel nome del made in Italy. Un prodotto etico sin nei processi di produzione che lo rendono unico nel suo genere, perch\u00e8 capace di armonizzare la sua [&hellip;]<\/p>\n","protected":false},"author":1,"featured_media":0,"parent":0,"menu_order":0,"comment_status":"closed","ping_status":"closed","template":"","meta":{"footnotes":""},"class_list":["post-477","page","type-page","status-publish","hentry"],"yoast_head":"<!-- This site is optimized with the Yoast SEO plugin v24.6 - https:\/\/yoast.com\/wordpress\/plugins\/seo\/ -->\n<title>Product | 3DWOOL - Lanificio di Tollegno<\/title>\n<meta name=\"description\" content=\"3DWOOL \u00e8 frutto degli investimenti in sviluppo e ricerca del Lanificio di Tollegno, sublimati in un tessuto che combina performance e sostenibilit\u00e0, anima tech e know how artigianale, nel nome del made in Italy.\" \/>\n<meta name=\"robots\" content=\"index, follow, max-snippet:-1, max-image-preview:large, max-video-preview:-1\" \/>\n<link rel=\"canonical\" href=\"https:\/\/www.3dwool.it\/it\/product\/\" \/>\n<meta property=\"og:locale\" content=\"it_IT\" \/>\n<meta property=\"og:type\" content=\"article\" \/>\n<meta property=\"og:title\" content=\"Product | 3DWOOL - Lanificio di Tollegno\" \/>\n<meta property=\"og:description\" content=\"3DWOOL \u00e8 frutto degli investimenti in sviluppo e ricerca del Lanificio di Tollegno, sublimati in un tessuto che combina performance e sostenibilit\u00e0, anima tech e know how artigianale, nel nome del made in Italy.\" \/>\n<meta property=\"og:url\" content=\"https:\/\/www.3dwool.it\/it\/product\/\" \/>\n<meta property=\"og:site_name\" content=\"3DWOOL - Lanificio di Tollegno\" \/>\n<meta property=\"article:modified_time\" content=\"2024-07-29T10:23:10+00:00\" \/>\n<meta property=\"og:image\" content=\"https:\/\/www.3dwool.it\/wp-content\/uploads\/2022\/12\/dynamic-product.png\" \/>\n<meta name=\"twitter:card\" content=\"summary_large_image\" \/>\n<meta name=\"twitter:label1\" content=\"Tempo di lettura stimato\" \/>\n\t<meta name=\"twitter:data1\" content=\"1 minuto\" \/>\n<script type=\"application\/ld+json\" class=\"yoast-schema-graph\">{\"@context\":\"https:\/\/schema.org\",\"@graph\":[{\"@type\":\"WebPage\",\"@id\":\"https:\/\/www.3dwool.it\/it\/product\/\",\"url\":\"https:\/\/www.3dwool.it\/it\/product\/\",\"name\":\"Product | 3DWOOL - Lanificio di Tollegno\",\"isPartOf\":{\"@id\":\"https:\/\/www.3dwool.it\/it\/#website\"},\"primaryImageOfPage\":{\"@id\":\"https:\/\/www.3dwool.it\/it\/product\/#primaryimage\"},\"image\":{\"@id\":\"https:\/\/www.3dwool.it\/it\/product\/#primaryimage\"},\"thumbnailUrl\":\"https:\/\/www.3dwool.it\/wp-content\/uploads\/2022\/12\/dynamic-product.png\",\"datePublished\":\"2022-10-17T16:15:42+00:00\",\"dateModified\":\"2024-07-29T10:23:10+00:00\",\"description\":\"3DWOOL \u00e8 frutto degli investimenti in sviluppo e ricerca del Lanificio di Tollegno, sublimati in un tessuto che combina performance e sostenibilit\u00e0, anima tech e know how artigianale, nel nome del made in Italy.\",\"breadcrumb\":{\"@id\":\"https:\/\/www.3dwool.it\/it\/product\/#breadcrumb\"},\"inLanguage\":\"it-IT\",\"potentialAction\":[{\"@type\":\"ReadAction\",\"target\":[\"https:\/\/www.3dwool.it\/it\/product\/\"]}]},{\"@type\":\"ImageObject\",\"inLanguage\":\"it-IT\",\"@id\":\"https:\/\/www.3dwool.it\/it\/product\/#primaryimage\",\"url\":\"https:\/\/www.3dwool.it\/wp-content\/uploads\/2022\/12\/dynamic-product.png\",\"contentUrl\":\"https:\/\/www.3dwool.it\/wp-content\/uploads\/2022\/12\/dynamic-product.png\"},{\"@type\":\"BreadcrumbList\",\"@id\":\"https:\/\/www.3dwool.it\/it\/product\/#breadcrumb\",\"itemListElement\":[{\"@type\":\"ListItem\",\"position\":1,\"name\":\"Home\",\"item\":\"https:\/\/www.3dwool.it\/it\/\"},{\"@type\":\"ListItem\",\"position\":2,\"name\":\"Product\"}]},{\"@type\":\"WebSite\",\"@id\":\"https:\/\/www.3dwool.it\/it\/#website\",\"url\":\"https:\/\/www.3dwool.it\/it\/\",\"name\":\"3DWOOL - Lanificio di Tollegno\",\"description\":\"\",\"publisher\":{\"@id\":\"https:\/\/www.3dwool.it\/it\/#organization\"},\"potentialAction\":[{\"@type\":\"SearchAction\",\"target\":{\"@type\":\"EntryPoint\",\"urlTemplate\":\"https:\/\/www.3dwool.it\/it\/?s={search_term_string}\"},\"query-input\":{\"@type\":\"PropertyValueSpecification\",\"valueRequired\":true,\"valueName\":\"search_term_string\"}}],\"inLanguage\":\"it-IT\"},{\"@type\":\"Organization\",\"@id\":\"https:\/\/www.3dwool.it\/it\/#organization\",\"name\":\"LANIFICIO DI TOLLEGNO S.P.A.\",\"alternateName\":\"3D Wool\",\"url\":\"https:\/\/www.3dwool.it\/it\/\",\"logo\":{\"@type\":\"ImageObject\",\"inLanguage\":\"it-IT\",\"@id\":\"https:\/\/www.3dwool.it\/it\/#\/schema\/logo\/image\/\",\"url\":\"https:\/\/www.3dwool.it\/wp-content\/uploads\/2022\/10\/3DWool_col.png\",\"contentUrl\":\"https:\/\/www.3dwool.it\/wp-content\/uploads\/2022\/10\/3DWool_col.png\",\"width\":2480,\"height\":515,\"caption\":\"LANIFICIO DI TOLLEGNO S.P.A.\"},\"image\":{\"@id\":\"https:\/\/www.3dwool.it\/it\/#\/schema\/logo\/image\/\"},\"sameAs\":[\"https:\/\/www.instagram.com\/3dwool\/\",\"https:\/\/www.linkedin.com\/company\/3d-wool-lanificio-di-tollegno-spa\/\"]}]}<\/script>\n<!-- \/ Yoast SEO plugin. -->","yoast_head_json":{"title":"Product | 3DWOOL - Lanificio di Tollegno","description":"3DWOOL \u00e8 frutto degli investimenti in sviluppo e ricerca del Lanificio di Tollegno, sublimati in un tessuto che combina performance e sostenibilit\u00e0, anima tech e know how artigianale, nel nome del made in Italy.","robots":{"index":"index","follow":"follow","max-snippet":"max-snippet:-1","max-image-preview":"max-image-preview:large","max-video-preview":"max-video-preview:-1"},"canonical":"https:\/\/www.3dwool.it\/it\/product\/","og_locale":"it_IT","og_type":"article","og_title":"Product | 3DWOOL - Lanificio di Tollegno","og_description":"3DWOOL \u00e8 frutto degli investimenti in sviluppo e ricerca del Lanificio di Tollegno, sublimati in un tessuto che combina performance e sostenibilit\u00e0, anima tech e know how artigianale, nel nome del made in Italy.","og_url":"https:\/\/www.3dwool.it\/it\/product\/","og_site_name":"3DWOOL - Lanificio di Tollegno","article_modified_time":"2024-07-29T10:23:10+00:00","og_image":[{"url":"https:\/\/www.3dwool.it\/wp-content\/uploads\/2022\/12\/dynamic-product.png","type":"","width":"","height":""}],"twitter_card":"summary_large_image","twitter_misc":{"Tempo di lettura stimato":"1 minuto"},"schema":{"@context":"https:\/\/schema.org","@graph":[{"@type":"WebPage","@id":"https:\/\/www.3dwool.it\/it\/product\/","url":"https:\/\/www.3dwool.it\/it\/product\/","name":"Product | 3DWOOL - Lanificio di Tollegno","isPartOf":{"@id":"https:\/\/www.3dwool.it\/it\/#website"},"primaryImageOfPage":{"@id":"https:\/\/www.3dwool.it\/it\/product\/#primaryimage"},"image":{"@id":"https:\/\/www.3dwool.it\/it\/product\/#primaryimage"},"thumbnailUrl":"https:\/\/www.3dwool.it\/wp-content\/uploads\/2022\/12\/dynamic-product.png","datePublished":"2022-10-17T16:15:42+00:00","dateModified":"2024-07-29T10:23:10+00:00","description":"3DWOOL \u00e8 frutto degli investimenti in sviluppo e ricerca del Lanificio di Tollegno, sublimati in un tessuto che combina performance e sostenibilit\u00e0, anima tech e know how artigianale, nel nome del made in Italy.","breadcrumb":{"@id":"https:\/\/www.3dwool.it\/it\/product\/#breadcrumb"},"inLanguage":"it-IT","potentialAction":[{"@type":"ReadAction","target":["https:\/\/www.3dwool.it\/it\/product\/"]}]},{"@type":"ImageObject","inLanguage":"it-IT","@id":"https:\/\/www.3dwool.it\/it\/product\/#primaryimage","url":"https:\/\/www.3dwool.it\/wp-content\/uploads\/2022\/12\/dynamic-product.png","contentUrl":"https:\/\/www.3dwool.it\/wp-content\/uploads\/2022\/12\/dynamic-product.png"},{"@type":"BreadcrumbList","@id":"https:\/\/www.3dwool.it\/it\/product\/#breadcrumb","itemListElement":[{"@type":"ListItem","position":1,"name":"Home","item":"https:\/\/www.3dwool.it\/it\/"},{"@type":"ListItem","position":2,"name":"Product"}]},{"@type":"WebSite","@id":"https:\/\/www.3dwool.it\/it\/#website","url":"https:\/\/www.3dwool.it\/it\/","name":"3DWOOL - Lanificio di Tollegno","description":"","publisher":{"@id":"https:\/\/www.3dwool.it\/it\/#organization"},"potentialAction":[{"@type":"SearchAction","target":{"@type":"EntryPoint","urlTemplate":"https:\/\/www.3dwool.it\/it\/?s={search_term_string}"},"query-input":{"@type":"PropertyValueSpecification","valueRequired":true,"valueName":"search_term_string"}}],"inLanguage":"it-IT"},{"@type":"Organization","@id":"https:\/\/www.3dwool.it\/it\/#organization","name":"LANIFICIO DI TOLLEGNO S.P.A.","alternateName":"3D Wool","url":"https:\/\/www.3dwool.it\/it\/","logo":{"@type":"ImageObject","inLanguage":"it-IT","@id":"https:\/\/www.3dwool.it\/it\/#\/schema\/logo\/image\/","url":"https:\/\/www.3dwool.it\/wp-content\/uploads\/2022\/10\/3DWool_col.png","contentUrl":"https:\/\/www.3dwool.it\/wp-content\/uploads\/2022\/10\/3DWool_col.png","width":2480,"height":515,"caption":"LANIFICIO DI TOLLEGNO S.P.A."},"image":{"@id":"https:\/\/www.3dwool.it\/it\/#\/schema\/logo\/image\/"},"sameAs":["https:\/\/www.instagram.com\/3dwool\/","https:\/\/www.linkedin.com\/company\/3d-wool-lanificio-di-tollegno-spa\/"]}]}},"_links":{"self":[{"href":"https:\/\/www.3dwool.it\/it\/wp-json\/wp\/v2\/pages\/477","targetHints":{"allow":["GET"]}}],"collection":[{"href":"https:\/\/www.3dwool.it\/it\/wp-json\/wp\/v2\/pages"}],"about":[{"href":"https:\/\/www.3dwool.it\/it\/wp-json\/wp\/v2\/types\/page"}],"author":[{"embeddable":true,"href":"https:\/\/www.3dwool.it\/it\/wp-json\/wp\/v2\/users\/1"}],"replies":[{"embeddable":true,"href":"https:\/\/www.3dwool.it\/it\/wp-json\/wp\/v2\/comments?post=477"}],"version-history":[{"count":5,"href":"https:\/\/www.3dwool.it\/it\/wp-json\/wp\/v2\/pages\/477\/revisions"}],"predecessor-version":[{"id":1772,"href":"https:\/\/www.3dwool.it\/it\/wp-json\/wp\/v2\/pages\/477\/revisions\/1772"}],"wp:attachment":[{"href":"https:\/\/www.3dwool.it\/it\/wp-json\/wp\/v2\/media?parent=477"}],"curies":[{"name":"wp","href":"https:\/\/api.w.org\/{rel}","templated":true}]}}