{"id":471,"date":"2022-10-17T18:16:12","date_gmt":"2022-10-17T16:16:12","guid":{"rendered":"https:\/\/www.3dwool.it\/attitude\/"},"modified":"2024-08-02T09:15:19","modified_gmt":"2024-08-02T07:15:19","slug":"attitude","status":"publish","type":"page","link":"https:\/\/www.3dwool.it\/it\/attitude\/","title":{"rendered":"Attitude"},"content":{"rendered":"\t\t<div data-elementor-type=\"wp-page\" data-elementor-id=\"471\" class=\"elementor elementor-471 elementor-164\" data-elementor-post-type=\"page\">\n\t\t\t\t\t\t<section class=\"elementor-section elementor-top-section elementor-element elementor-element-99a8609 elementor-section-boxed elementor-section-height-default elementor-section-height-default\" data-id=\"99a8609\" data-element_type=\"section\">\n\t\t\t\t\t\t<div class=\"elementor-container elementor-column-gap-default\">\n\t\t\t\t\t<div class=\"elementor-column elementor-col-50 elementor-top-column elementor-element elementor-element-4f440bc\" data-id=\"4f440bc\" data-element_type=\"column\">\n\t\t\t<div class=\"elementor-widget-wrap elementor-element-populated\">\n\t\t\t\t\t\t<div class=\"elementor-element elementor-element-10eb0b8 elementor-widget elementor-widget-image\" data-id=\"10eb0b8\" data-element_type=\"widget\" data-widget_type=\"image.default\">\n\t\t\t\t<div class=\"elementor-widget-container\">\n\t\t\t\t\t\t\t\t\t\t\t\t\t\t\t<img fetchpriority=\"high\" decoding=\"async\" width=\"667\" height=\"1000\" src=\"https:\/\/www.3dwool.it\/wp-content\/uploads\/2022\/10\/4.jpg\" class=\"attachment-large size-large wp-image-368\" alt=\"3D wool\" srcset=\"https:\/\/www.3dwool.it\/wp-content\/uploads\/2022\/10\/4.jpg 667w, https:\/\/www.3dwool.it\/wp-content\/uploads\/2022\/10\/4-200x300.jpg 200w\" sizes=\"(max-width: 667px) 100vw, 667px\" \/>\t\t\t\t\t\t\t\t\t\t\t\t\t\t\t<\/div>\n\t\t\t\t<\/div>\n\t\t\t\t\t<\/div>\n\t\t<\/div>\n\t\t\t\t<div class=\"elementor-column elementor-col-50 elementor-top-column elementor-element elementor-element-1073b89\" data-id=\"1073b89\" data-element_type=\"column\">\n\t\t\t<div class=\"elementor-widget-wrap elementor-element-populated\">\n\t\t\t\t\t\t<div class=\"elementor-element elementor-element-03530e0 elementor-widget elementor-widget-image\" data-id=\"03530e0\" data-element_type=\"widget\" data-widget_type=\"image.default\">\n\t\t\t\t<div class=\"elementor-widget-container\">\n\t\t\t\t\t\t\t\t\t\t\t\t\t\t\t<img decoding=\"async\" width=\"800\" height=\"318\" src=\"https:\/\/www.3dwool.it\/wp-content\/uploads\/2022\/12\/dynamic-attitude.png\" class=\"attachment-large size-large wp-image-434\" alt=\"dynamic attitude\" srcset=\"https:\/\/www.3dwool.it\/wp-content\/uploads\/2022\/12\/dynamic-attitude.png 901w, https:\/\/www.3dwool.it\/wp-content\/uploads\/2022\/12\/dynamic-attitude-300x119.png 300w, https:\/\/www.3dwool.it\/wp-content\/uploads\/2022\/12\/dynamic-attitude-768x305.png 768w\" sizes=\"(max-width: 800px) 100vw, 800px\" \/>\t\t\t\t\t\t\t\t\t\t\t\t\t\t\t<\/div>\n\t\t\t\t<\/div>\n\t\t\t\t<div class=\"elementor-element elementor-element-92e4e4d elementor-widget elementor-widget-heading\" data-id=\"92e4e4d\" data-element_type=\"widget\" data-widget_type=\"heading.default\">\n\t\t\t\t<div class=\"elementor-widget-container\">\n\t\t\t\t\t<h1 class=\"elementor-heading-title elementor-size-default\">3D Wool<\/h1>\t\t\t\t<\/div>\n\t\t\t\t<\/div>\n\t\t\t\t<div class=\"elementor-element elementor-element-4a41b6b elementor-widget elementor-widget-text-editor\" data-id=\"4a41b6b\" data-element_type=\"widget\" data-widget_type=\"text-editor.default\">\n\t\t\t\t<div class=\"elementor-widget-container\">\n\t\t\t\t\t\t\t\t\t<p>non ammette confini di espressione e promuove la libert\u00e0 creativa a linguaggio. Sia nei capi destinati agli appuntamenti istituzionali, sia negli outfit dedicati alla vita professionale e nei look per i momenti di relax, 3DWOOL, grazie alle sue caratteristiche di elasticit\u00e0, comodit\u00e0, morbidezza e perfetta indossabilit\u00e0, regala agio, comfort e appeal.<\/p>\n\t\t\t\t\t\t\t\t<\/div>\n\t\t\t\t<\/div>\n\t\t\t\t<div class=\"elementor-element elementor-element-0cc0a26 elementor-widget elementor-widget-text-editor\" data-id=\"0cc0a26\" data-element_type=\"widget\" data-widget_type=\"text-editor.default\">\n\t\t\t\t<div class=\"elementor-widget-container\">\n\t\t\t\t\t\t\t\t\t<p>Trasversale per utilizzi, capace di interpretare i diversi momenti della quotidianit\u00e0 e di adattarsi a tutte le realizzazioni e confezioni<\/p>\n\t\t\t\t\t\t\t\t<\/div>\n\t\t\t\t<\/div>\n\t\t\t\t<div class=\"elementor-element elementor-element-1d08c2a elementor-widget elementor-widget-image\" data-id=\"1d08c2a\" data-element_type=\"widget\" data-widget_type=\"image.default\">\n\t\t\t\t<div class=\"elementor-widget-container\">\n\t\t\t\t\t\t\t\t\t\t\t\t\t\t\t<img decoding=\"async\" width=\"8\" height=\"443\" src=\"https:\/\/www.3dwool.it\/wp-content\/uploads\/2022\/10\/r-v-8.png\" class=\"attachment-large size-large wp-image-372\" alt=\"\" \/>\t\t\t\t\t\t\t\t\t\t\t\t\t\t\t<\/div>\n\t\t\t\t<\/div>\n\t\t\t\t\t<\/div>\n\t\t<\/div>\n\t\t\t\t\t<\/div>\n\t\t<\/section>\n\t\t\t\t<\/div>\n\t\t","protected":false},"excerpt":{"rendered":"<p>3D Wool non ammette confini di espressione e promuove la libert\u00e0 creativa a linguaggio. Sia nei capi destinati agli appuntamenti istituzionali, sia negli outfit dedicati alla vita professionale e nei look per i momenti di relax, 3DWOOL, grazie alle sue caratteristiche di elasticit\u00e0, comodit\u00e0, morbidezza e perfetta indossabilit\u00e0, regala agio, comfort e appeal. Trasversale per [&hellip;]<\/p>\n","protected":false},"author":1,"featured_media":0,"parent":0,"menu_order":0,"comment_status":"closed","ping_status":"closed","template":"","meta":{"footnotes":""},"class_list":["post-471","page","type-page","status-publish","hentry"],"yoast_head":"<!-- This site is optimized with the Yoast SEO plugin v24.6 - https:\/\/yoast.com\/wordpress\/plugins\/seo\/ -->\n<title>Attitude | 3DWOOL - Lanificio di Tollegno<\/title>\n<meta name=\"description\" content=\"Versatile in term uses, capable of interpreting the different moments of the day and adapting to all creations and garments\" \/>\n<meta name=\"robots\" content=\"index, follow, max-snippet:-1, max-image-preview:large, max-video-preview:-1\" \/>\n<link rel=\"canonical\" href=\"https:\/\/www.3dwool.it\/it\/attitude\/\" \/>\n<meta property=\"og:locale\" content=\"it_IT\" \/>\n<meta property=\"og:type\" content=\"article\" \/>\n<meta property=\"og:title\" content=\"Attitude | 3DWOOL - Lanificio di Tollegno\" \/>\n<meta property=\"og:description\" content=\"Versatile in term uses, capable of interpreting the different moments of the day and adapting to all creations and garments\" \/>\n<meta property=\"og:url\" content=\"https:\/\/www.3dwool.it\/it\/attitude\/\" \/>\n<meta property=\"og:site_name\" content=\"3DWOOL - Lanificio di Tollegno\" \/>\n<meta property=\"article:modified_time\" content=\"2024-08-02T07:15:19+00:00\" \/>\n<meta property=\"og:image\" content=\"https:\/\/www.3dwool.it\/wp-content\/uploads\/2022\/10\/4.jpg\" \/>\n<meta name=\"twitter:card\" content=\"summary_large_image\" \/>\n<script type=\"application\/ld+json\" class=\"yoast-schema-graph\">{\"@context\":\"https:\/\/schema.org\",\"@graph\":[{\"@type\":\"WebPage\",\"@id\":\"https:\/\/www.3dwool.it\/it\/attitude\/\",\"url\":\"https:\/\/www.3dwool.it\/it\/attitude\/\",\"name\":\"Attitude | 3DWOOL - Lanificio di Tollegno\",\"isPartOf\":{\"@id\":\"https:\/\/www.3dwool.it\/it\/#website\"},\"primaryImageOfPage\":{\"@id\":\"https:\/\/www.3dwool.it\/it\/attitude\/#primaryimage\"},\"image\":{\"@id\":\"https:\/\/www.3dwool.it\/it\/attitude\/#primaryimage\"},\"thumbnailUrl\":\"https:\/\/www.3dwool.it\/wp-content\/uploads\/2022\/10\/4.jpg\",\"datePublished\":\"2022-10-17T16:16:12+00:00\",\"dateModified\":\"2024-08-02T07:15:19+00:00\",\"description\":\"Versatile in term uses, capable of interpreting the different moments of the day and adapting to all creations and garments\",\"breadcrumb\":{\"@id\":\"https:\/\/www.3dwool.it\/it\/attitude\/#breadcrumb\"},\"inLanguage\":\"it-IT\",\"potentialAction\":[{\"@type\":\"ReadAction\",\"target\":[\"https:\/\/www.3dwool.it\/it\/attitude\/\"]}]},{\"@type\":\"ImageObject\",\"inLanguage\":\"it-IT\",\"@id\":\"https:\/\/www.3dwool.it\/it\/attitude\/#primaryimage\",\"url\":\"https:\/\/www.3dwool.it\/wp-content\/uploads\/2022\/10\/4.jpg\",\"contentUrl\":\"https:\/\/www.3dwool.it\/wp-content\/uploads\/2022\/10\/4.jpg\"},{\"@type\":\"BreadcrumbList\",\"@id\":\"https:\/\/www.3dwool.it\/it\/attitude\/#breadcrumb\",\"itemListElement\":[{\"@type\":\"ListItem\",\"position\":1,\"name\":\"Home\",\"item\":\"https:\/\/www.3dwool.it\/it\/\"},{\"@type\":\"ListItem\",\"position\":2,\"name\":\"Attitude\"}]},{\"@type\":\"WebSite\",\"@id\":\"https:\/\/www.3dwool.it\/it\/#website\",\"url\":\"https:\/\/www.3dwool.it\/it\/\",\"name\":\"3DWOOL - Lanificio di Tollegno\",\"description\":\"\",\"publisher\":{\"@id\":\"https:\/\/www.3dwool.it\/it\/#organization\"},\"potentialAction\":[{\"@type\":\"SearchAction\",\"target\":{\"@type\":\"EntryPoint\",\"urlTemplate\":\"https:\/\/www.3dwool.it\/it\/?s={search_term_string}\"},\"query-input\":{\"@type\":\"PropertyValueSpecification\",\"valueRequired\":true,\"valueName\":\"search_term_string\"}}],\"inLanguage\":\"it-IT\"},{\"@type\":\"Organization\",\"@id\":\"https:\/\/www.3dwool.it\/it\/#organization\",\"name\":\"LANIFICIO DI TOLLEGNO S.P.A.\",\"alternateName\":\"3D Wool\",\"url\":\"https:\/\/www.3dwool.it\/it\/\",\"logo\":{\"@type\":\"ImageObject\",\"inLanguage\":\"it-IT\",\"@id\":\"https:\/\/www.3dwool.it\/it\/#\/schema\/logo\/image\/\",\"url\":\"https:\/\/www.3dwool.it\/wp-content\/uploads\/2022\/10\/3DWool_col.png\",\"contentUrl\":\"https:\/\/www.3dwool.it\/wp-content\/uploads\/2022\/10\/3DWool_col.png\",\"width\":2480,\"height\":515,\"caption\":\"LANIFICIO DI TOLLEGNO S.P.A.\"},\"image\":{\"@id\":\"https:\/\/www.3dwool.it\/it\/#\/schema\/logo\/image\/\"},\"sameAs\":[\"https:\/\/www.instagram.com\/3dwool\/\",\"https:\/\/www.linkedin.com\/company\/3d-wool-lanificio-di-tollegno-spa\/\"]}]}<\/script>\n<!-- \/ Yoast SEO plugin. -->","yoast_head_json":{"title":"Attitude | 3DWOOL - Lanificio di Tollegno","description":"Versatile in term uses, capable of interpreting the different moments of the day and adapting to all creations and garments","robots":{"index":"index","follow":"follow","max-snippet":"max-snippet:-1","max-image-preview":"max-image-preview:large","max-video-preview":"max-video-preview:-1"},"canonical":"https:\/\/www.3dwool.it\/it\/attitude\/","og_locale":"it_IT","og_type":"article","og_title":"Attitude | 3DWOOL - Lanificio di Tollegno","og_description":"Versatile in term uses, capable of interpreting the different moments of the day and adapting to all creations and garments","og_url":"https:\/\/www.3dwool.it\/it\/attitude\/","og_site_name":"3DWOOL - Lanificio di Tollegno","article_modified_time":"2024-08-02T07:15:19+00:00","og_image":[{"url":"https:\/\/www.3dwool.it\/wp-content\/uploads\/2022\/10\/4.jpg","type":"","width":"","height":""}],"twitter_card":"summary_large_image","schema":{"@context":"https:\/\/schema.org","@graph":[{"@type":"WebPage","@id":"https:\/\/www.3dwool.it\/it\/attitude\/","url":"https:\/\/www.3dwool.it\/it\/attitude\/","name":"Attitude | 3DWOOL - Lanificio di Tollegno","isPartOf":{"@id":"https:\/\/www.3dwool.it\/it\/#website"},"primaryImageOfPage":{"@id":"https:\/\/www.3dwool.it\/it\/attitude\/#primaryimage"},"image":{"@id":"https:\/\/www.3dwool.it\/it\/attitude\/#primaryimage"},"thumbnailUrl":"https:\/\/www.3dwool.it\/wp-content\/uploads\/2022\/10\/4.jpg","datePublished":"2022-10-17T16:16:12+00:00","dateModified":"2024-08-02T07:15:19+00:00","description":"Versatile in term uses, capable of interpreting the different moments of the day and adapting to all creations and garments","breadcrumb":{"@id":"https:\/\/www.3dwool.it\/it\/attitude\/#breadcrumb"},"inLanguage":"it-IT","potentialAction":[{"@type":"ReadAction","target":["https:\/\/www.3dwool.it\/it\/attitude\/"]}]},{"@type":"ImageObject","inLanguage":"it-IT","@id":"https:\/\/www.3dwool.it\/it\/attitude\/#primaryimage","url":"https:\/\/www.3dwool.it\/wp-content\/uploads\/2022\/10\/4.jpg","contentUrl":"https:\/\/www.3dwool.it\/wp-content\/uploads\/2022\/10\/4.jpg"},{"@type":"BreadcrumbList","@id":"https:\/\/www.3dwool.it\/it\/attitude\/#breadcrumb","itemListElement":[{"@type":"ListItem","position":1,"name":"Home","item":"https:\/\/www.3dwool.it\/it\/"},{"@type":"ListItem","position":2,"name":"Attitude"}]},{"@type":"WebSite","@id":"https:\/\/www.3dwool.it\/it\/#website","url":"https:\/\/www.3dwool.it\/it\/","name":"3DWOOL - Lanificio di Tollegno","description":"","publisher":{"@id":"https:\/\/www.3dwool.it\/it\/#organization"},"potentialAction":[{"@type":"SearchAction","target":{"@type":"EntryPoint","urlTemplate":"https:\/\/www.3dwool.it\/it\/?s={search_term_string}"},"query-input":{"@type":"PropertyValueSpecification","valueRequired":true,"valueName":"search_term_string"}}],"inLanguage":"it-IT"},{"@type":"Organization","@id":"https:\/\/www.3dwool.it\/it\/#organization","name":"LANIFICIO DI TOLLEGNO S.P.A.","alternateName":"3D Wool","url":"https:\/\/www.3dwool.it\/it\/","logo":{"@type":"ImageObject","inLanguage":"it-IT","@id":"https:\/\/www.3dwool.it\/it\/#\/schema\/logo\/image\/","url":"https:\/\/www.3dwool.it\/wp-content\/uploads\/2022\/10\/3DWool_col.png","contentUrl":"https:\/\/www.3dwool.it\/wp-content\/uploads\/2022\/10\/3DWool_col.png","width":2480,"height":515,"caption":"LANIFICIO DI TOLLEGNO S.P.A."},"image":{"@id":"https:\/\/www.3dwool.it\/it\/#\/schema\/logo\/image\/"},"sameAs":["https:\/\/www.instagram.com\/3dwool\/","https:\/\/www.linkedin.com\/company\/3d-wool-lanificio-di-tollegno-spa\/"]}]}},"_links":{"self":[{"href":"https:\/\/www.3dwool.it\/it\/wp-json\/wp\/v2\/pages\/471","targetHints":{"allow":["GET"]}}],"collection":[{"href":"https:\/\/www.3dwool.it\/it\/wp-json\/wp\/v2\/pages"}],"about":[{"href":"https:\/\/www.3dwool.it\/it\/wp-json\/wp\/v2\/types\/page"}],"author":[{"embeddable":true,"href":"https:\/\/www.3dwool.it\/it\/wp-json\/wp\/v2\/users\/1"}],"replies":[{"embeddable":true,"href":"https:\/\/www.3dwool.it\/it\/wp-json\/wp\/v2\/comments?post=471"}],"version-history":[{"count":7,"href":"https:\/\/www.3dwool.it\/it\/wp-json\/wp\/v2\/pages\/471\/revisions"}],"predecessor-version":[{"id":1842,"href":"https:\/\/www.3dwool.it\/it\/wp-json\/wp\/v2\/pages\/471\/revisions\/1842"}],"wp:attachment":[{"href":"https:\/\/www.3dwool.it\/it\/wp-json\/wp\/v2\/media?parent=471"}],"curies":[{"name":"wp","href":"https:\/\/api.w.org\/{rel}","templated":true}]}}